{"id":11168,"date":"2020-10-05T14:10:05","date_gmt":"2020-10-05T12:10:05","guid":{"rendered":"http:\/\/kieler-hof.com\/?page_id=11168"},"modified":"2020-11-26T15:40:31","modified_gmt":"2020-11-26T14:40:31","slug":"die-lage-des-hotels","status":"publish","type":"page","link":"https:\/\/kieler-hof.de\/en\/die-lage-des-hotels\/","title":{"rendered":"The location of the hotel"},"content":{"rendered":"<section class=\"wp-block-themeisle-blocks-advanced-columns alignfull has-2-columns has-desktop-equal-layout has-tablet-equal-layout has-mobile-collapsedRows-layout has-nogap-gap has-vertical-flex-start\" id=\"wp-block-themeisle-blocks-advanced-columns-ccfdd483\"><div class=\"wp-block-themeisle-blocks-advanced-columns-overlay\"><\/div><div class=\"innerblocks-wrap\">\n<div class=\"wp-block-themeisle-blocks-advanced-column\" id=\"wp-block-themeisle-blocks-advanced-column-5e80d468\">\n<h3 class=\"wp-block-heading\">in the city center of Hamburg<\/h3>\n\n\n\n<p>You will find countless gastronomic offers right on our doorstep. Discover the unique flair of this interesting area. A short walk takes you directly to the city center and the shopping streets e.g. M\u00f6nckebergstrasse.<\/p>\n\n\n\n<p>Hamburg offers something for everyone. Go for a walk at the harbor or the Alster or relax in one of the countless green spaces in Hamburg.<\/p>\n\n\n\n<p>Almost all Hamburg attractions can be reached on foot from the Hotel Kieler Hof.<\/p>\n\n\n\n<h3 class=\"wp-block-heading\">How to find us<\/h3>\n\n\n\n<p><strong>Hamburg Central Station:<\/strong>&nbsp;take the exit \u201cKirchenallee\u201d, from there the \u201cBremer Reihe\u201d starts, 150m<br><strong>ZOB:<\/strong>&nbsp;cross the \u201cAdenauerallee\u201d, go into the \u201cSteintorweg\u201d and follow the street. You will find the hotel on the corner, approx. 150m<br><strong>Hamburg-L\u00fcbeck Airport:<\/strong>&nbsp;Airport Express Shuttle 75min<br><strong>Hamburg-Fuhlsb\u00fcttel Airport:<\/strong>&nbsp;S 1 train approx. 25 minutes<br><strong>Hanover Airport:<\/strong>&nbsp;by train, approx. 1 hour<br><strong>Bremen Airport:<\/strong>&nbsp;by train, approx. 1 hour<\/p>\n<\/div>\n\n\n\n<div class=\"wp-block-themeisle-blocks-advanced-column\" id=\"wp-block-themeisle-blocks-advanced-column-db653346\">\n<h3 class=\"has-text-align-left wp-block-heading\" id=\"lage\">Map<\/h3>\n\n\n\n<style type=\"text\/css\" id=\"umsMapStyles_2_91209\">\r\n    #ultimate_maps_2_91209 {\r\n        width: 100%;\r\n        height: 550px;\r\n                border: 0px solid ;\r\n        margin: 0px;\r\n    }\r\n    #mapsControlsNum_2_91209 {\r\n        width:100%    }\r\n    .umsMapDetailsContainer#umsMapDetailsContainer_2_91209 {\r\n        height:550px;\r\n    }\r\n    .ums_MapPreview#ultimate_maps_2_91209 {\r\n        \/*position:absolute;*\/\r\n        width:100%;\r\n    }\r\n    #mapConElem_2_91209{\r\n        width:100%    }\r\n    <\/style><div class=\"ums_map_opts\" id=\"mapConElem_2_91209\" data-id=\"2\" data-view-id=\"2_91209\" > <div class=\"umsMapDetailsContainer\" id=\"umsMapDetailsContainer_2_91209\"> <i class=\"umsKMLLayersPreloader fa fa-spinner fa-spin\" aria-hidden=\"true\" style=\"display: none;\"><\/i> <div class=\"ums_MapPreview\" id=\"ultimate_maps_2_91209\"><\/div> <\/div> <div class=\"umsMapMarkerFilters\" id=\"umsMapMarkerFilters_2_91209\"> <\/div> <div class=\"umsMapProControlsCon\" id=\"umsMapProControlsCon_2_91209\"> <a title=\"WordPress Google Maps Plugin\" style=\"display:none;\" href=\"https:\/\/supsystic.com\/plugins\/google-maps-plugin\/?utm_medium=love_link_hide\" target=\"_blank\">WordPress Google Maps Plugin<\/a><div style=\"clear: both;\"><\/div> <\/div> <div class=\"umsMapProDirectionsCon\" id=\"umsMapProDirectionsCon_2_91209\" > <\/div> <div class=\"umsMapProKmlFilterCon\" id=\"umsMapProKmlFilterCon_2_91209\" > <\/div> <div class=\"umsSocialSharingShell umsSocialSharingShell_2_91209\"> <\/div> <div style=\"clear: both;\"><\/div> <\/div>\n\n\n\n<p class=\"ticss-22b6864a has-black-color has-text-color\"><a href=\"https:\/\/www.google.de\/maps\/dir\/\/Bremer+Reihe+15,+20099+Hamburg\/@53.553799,10.010088,14z\/data=!4m9!4m8!1m0!1m5!1m1!1s0x47b18ee6dc014203:0xb7def0338b350e17!2m2!1d10.0100898!2d53.5538039!3e0?hl=en\">Plan your route to us here.<\/a><\/p>\n<\/div>\n<\/div><\/section>\n\n\n\n<div style=\"height:50px\" aria-hidden=\"true\" class=\"wp-block-spacer\"><\/div>\n\n\n\n<h2 class=\"wp-block-heading\">Parking<\/h2>\n\n\n\n<p>Parking is possible, without paying anything in the small streets near our Hotel or in front of it.\n\nIf you find a parking place late in the night; please take care, that you don\u2019t block somebody or if signs show a forbidden parking place, some parking places in the streets have to be payed.\n\nThere is also a parking house near here, with following address: &nbsp;<\/p>\n\n\n\n<ol class=\"wp-block-list\" type=\"1\"><li>Parkplatz Hauptbahnhof: Baumeisterstr. 1 \/ Borgeschstr. 1<\/li><li>Parkplatz Hansa-Theater, Bremer Reihe 16-18 &nbsp;<\/li><\/ol>\n\n\n\n<p>Mehr Informationen zu den aktuellen Preisen und \u00a0zum Parken im Zentrum mit der \u00dcbersicht der Parkh\u00e4user in unserer N\u00e4he finden Sie auch, wenn Sie diesem Link folgen:\u00a0<a rel=\"noreferrer noopener\" href=\"https:\/\/www.hamburg.de\/parkhaus\/\" target=\"_blank\">http<\/a><a href=\"https:\/\/www.hamburg.de\/parkhaus\/\" target=\"_blank\" rel=\"noreferrer noopener\">s<\/a><a rel=\"noreferrer noopener\" href=\"https:\/\/www.hamburg.de\/parkhaus\/\" target=\"_blank\">:\/\/www.hamburg.de\/parkhaus\/<\/a><\/p>","protected":false},"excerpt":{"rendered":"<p>Parken Wir haben zwar keine eigenen Parkpl\u00e4tze, es gibt jedoch ganz nah von uns mehrere Parkh\u00e4user, wo Sie Ihr Auto f\u00fcr 24 Stunden abstellen k\u00f6nnen, oder auch Parkm\u00f6glichkeiten in den umliegenden Stra\u00dfen. &nbsp;Hier sind die Adressen von den Parkh\u00e4usern in der N\u00e4he: &nbsp; Parkplatz Hauptbahnhof: Baumeisterstr. 1 \/ Borgeschstr. 1 Parkplatz Hansa-Theater, Bremer Reihe 16-18&hellip;&nbsp;<a href=\"https:\/\/kieler-hof.de\/en\/die-lage-des-hotels\/\" rel=\"bookmark\">Read More &raquo;<span class=\"screen-reader-text\">The location of the hotel<\/span><\/a><\/p>","protected":false},"author":1,"featured_media":0,"parent":0,"menu_order":20,"comment_status":"closed","ping_status":"closed","template":"","meta":{"advgb_blocks_editor_width":"","advgb_blocks_columns_visual_guide":"","neve_meta_sidebar":"full-width","neve_meta_container":"","neve_meta_enable_content_width":"on","neve_meta_content_width":100,"neve_meta_title_alignment":"","neve_meta_author_avatar":"","neve_post_elements_order":"","neve_meta_disable_header":"","neve_meta_disable_footer":"","neve_meta_disable_title":"","_themeisle_gutenberg_block_has_review":false,"footnotes":""},"class_list":["post-11168","page","type-page","status-publish","hentry"],"coauthors":[],"author_meta":{"author_link":"https:\/\/kieler-hof.de\/en\/author\/webart24-alex\/","display_name":"Webart24 Alex"},"relative_dates":{"created":"Posted 6 years ago","modified":"Updated 5 years ago"},"absolute_dates":{"created":"Posted on 5. October 2020","modified":"Updated on 26. November 2020"},"absolute_dates_time":{"created":"Posted on 5. October 2020 14:10","modified":"Updated on 26. November 2020 15:40"},"featured_img_caption":"","featured_img":false,"series_order":"","_links":{"self":[{"href":"https:\/\/kieler-hof.de\/en\/wp-json\/wp\/v2\/pages\/11168","targetHints":{"allow":["GET"]}}],"collection":[{"href":"https:\/\/kieler-hof.de\/en\/wp-json\/wp\/v2\/pages"}],"about":[{"href":"https:\/\/kieler-hof.de\/en\/wp-json\/wp\/v2\/types\/page"}],"author":[{"embeddable":true,"href":"https:\/\/kieler-hof.de\/en\/wp-json\/wp\/v2\/users\/1"}],"replies":[{"embeddable":true,"href":"https:\/\/kieler-hof.de\/en\/wp-json\/wp\/v2\/comments?post=11168"}],"version-history":[{"count":15,"href":"https:\/\/kieler-hof.de\/en\/wp-json\/wp\/v2\/pages\/11168\/revisions"}],"predecessor-version":[{"id":12029,"href":"https:\/\/kieler-hof.de\/en\/wp-json\/wp\/v2\/pages\/11168\/revisions\/12029"}],"wp:attachment":[{"href":"https:\/\/kieler-hof.de\/en\/wp-json\/wp\/v2\/media?parent=11168"}],"curies":[{"name":"wp","href":"https:\/\/api.w.org\/{rel}","templated":true}]}}