{"id":11078,"date":"2020-10-01T17:52:36","date_gmt":"2020-10-01T15:52:36","guid":{"rendered":"http:\/\/kieler-hof.com\/?page_id=11078"},"modified":"2022-11-09T19:56:51","modified_gmt":"2022-11-09T18:56:51","slug":"preise","status":"publish","type":"page","link":"https:\/\/kieler-hof.de\/en\/preise\/","title":{"rendered":"Prices"},"content":{"rendered":"<h3 class=\"wp-block-heading\">Our prices per night<\/h3>\n\n\n\n<div id=\"wp-block-themeisle-blocks-advanced-columns-d6f86a78\" class=\"wp-block-themeisle-blocks-advanced-columns has-4-columns has-desktop-equal-layout has-tablet-twoColumnGrid-layout has-mobile-collapsedRows-layout has-vertical-flex-start\"><div class=\"wp-block-themeisle-blocks-advanced-columns-overlay\"><\/div><div class=\"innerblocks-wrap\">\n<div id=\"wp-block-themeisle-blocks-advanced-column-727a99f7\" class=\"wp-block-themeisle-blocks-advanced-column\">\n<div class=\"wp-block-themeisle-blocks-pricing ticss-6b3701db\">\n<h3 id=\"wp-block-themeisle-blocks-advanced-heading-890a89c1\" class=\"wp-block-themeisle-blocks-advanced-heading wp-block-themeisle-blocks-advanced-heading-890a89c1\">Single Room<\/h3>\n\n\n\n<h4 id=\"wp-block-themeisle-blocks-advanced-heading-ed2df65b\" class=\"wp-block-themeisle-blocks-advanced-heading wp-block-themeisle-blocks-advanced-heading-ed2df65b\">ab 45,- \u20ac<\/h4>\n\n\n\n<p id=\"wp-block-themeisle-blocks-advanced-heading-a4515858\" class=\"wp-block-themeisle-blocks-advanced-heading wp-block-themeisle-blocks-advanced-heading-a4515858\">in high season<\/p>\n\n\n\n<h4 id=\"wp-block-themeisle-blocks-advanced-heading-12a3d022\" class=\"wp-block-themeisle-blocks-advanced-heading wp-block-themeisle-blocks-advanced-heading-12a3d022\">bis zu  69,- \u20ac<\/h4>\n\n\n\n<div id=\"wp-block-themeisle-blocks-button-group-aa4889f6\" class=\"wp-block-themeisle-blocks-button-group wp-block-buttons align-center\">\n<div id=\"wp-block-themeisle-blocks-button-24553dc8\" class=\"wp-block-themeisle-blocks-button wp-block-button\"><a href=\"https:\/\/kieler-hof.de\/en\/buchungsanfrage\/\" target=\"_self\" rel=\"noopener noreferrer\" class=\"wp-block-button__link\"><span>Book now<\/span><\/a><\/div>\n<\/div>\n<\/div>\n<\/div>\n\n\n\n<div id=\"wp-block-themeisle-blocks-advanced-column-b045cc28\" class=\"wp-block-themeisle-blocks-advanced-column\">\n<div class=\"wp-block-themeisle-blocks-pricing ticss-f2ef5200\">\n<h3 id=\"wp-block-themeisle-blocks-advanced-heading-6a99b93e\" class=\"wp-block-themeisle-blocks-advanced-heading wp-block-themeisle-blocks-advanced-heading-6a99b93e\">Double Room<\/h3>\n\n\n\n<h4 id=\"wp-block-themeisle-blocks-advanced-heading-b0632d1c\" class=\"wp-block-themeisle-blocks-advanced-heading wp-block-themeisle-blocks-advanced-heading-b0632d1c\">ab 50,- \u20ac<\/h4>\n\n\n\n<p id=\"wp-block-themeisle-blocks-advanced-heading-76484339\" class=\"wp-block-themeisle-blocks-advanced-heading wp-block-themeisle-blocks-advanced-heading-76484339\">in high season<\/p>\n\n\n\n<h4 id=\"wp-block-themeisle-blocks-advanced-heading-38f4ee58\" class=\"wp-block-themeisle-blocks-advanced-heading wp-block-themeisle-blocks-advanced-heading-38f4ee58\">up to 79,- \u20ac<\/h4>\n\n\n\n<div id=\"wp-block-themeisle-blocks-button-group-da49a70a\" class=\"wp-block-themeisle-blocks-button-group wp-block-buttons align-center\">\n<div id=\"wp-block-themeisle-blocks-button-cf33e7db\" class=\"wp-block-themeisle-blocks-button wp-block-button\"><a href=\"https:\/\/kieler-hof.de\/en\/buchungsanfrage\/\" target=\"_self\" rel=\"noopener noreferrer\" class=\"wp-block-button__link\"><span>Book now<\/span><\/a><\/div>\n<\/div>\n<\/div>\n<\/div>\n\n\n\n<div id=\"wp-block-themeisle-blocks-advanced-column-77c3507e\" class=\"wp-block-themeisle-blocks-advanced-column\">\n<div class=\"wp-block-themeisle-blocks-pricing ticss-e9c45d81\">\n<h3 id=\"wp-block-themeisle-blocks-advanced-heading-39450f75\" class=\"wp-block-themeisle-blocks-advanced-heading wp-block-themeisle-blocks-advanced-heading-39450f75\">Triple Room<\/h3>\n\n\n\n<h4 id=\"wp-block-themeisle-blocks-advanced-heading-99701232\" class=\"wp-block-themeisle-blocks-advanced-heading wp-block-themeisle-blocks-advanced-heading-99701232\">ab 75,- \u20ac<\/h4>\n\n\n\n<p id=\"wp-block-themeisle-blocks-advanced-heading-540ed8db\" class=\"wp-block-themeisle-blocks-advanced-heading wp-block-themeisle-blocks-advanced-heading-540ed8db\">in high season<\/p>\n\n\n\n<h4 id=\"wp-block-themeisle-blocks-advanced-heading-33ff4890\" class=\"wp-block-themeisle-blocks-advanced-heading wp-block-themeisle-blocks-advanced-heading-33ff4890\">up to 99,- \u20ac<\/h4>\n\n\n\n<div id=\"wp-block-themeisle-blocks-button-group-e3dc78ae\" class=\"wp-block-themeisle-blocks-button-group wp-block-buttons align-center\">\n<div id=\"wp-block-themeisle-blocks-button-7be91ca7\" class=\"wp-block-themeisle-blocks-button wp-block-button\"><a href=\"https:\/\/kieler-hof.de\/en\/buchungsanfrage\/\" target=\"_self\" rel=\"noopener noreferrer\" class=\"wp-block-button__link\"><span>Book now<\/span><\/a><\/div>\n<\/div>\n<\/div>\n<\/div>\n\n\n\n<div id=\"wp-block-themeisle-blocks-advanced-column-dba1d3ba\" class=\"wp-block-themeisle-blocks-advanced-column\">\n<div class=\"wp-block-themeisle-blocks-pricing ticss-d858beea\">\n<h3 id=\"wp-block-themeisle-blocks-advanced-heading-2adde41f\" class=\"wp-block-themeisle-blocks-advanced-heading wp-block-themeisle-blocks-advanced-heading-2adde41f\">Quadruple Room<\/h3>\n\n\n\n<h4 id=\"wp-block-themeisle-blocks-advanced-heading-cf742546\" class=\"wp-block-themeisle-blocks-advanced-heading wp-block-themeisle-blocks-advanced-heading-cf742546\">ab 88,- \u20ac<\/h4>\n\n\n\n<p id=\"wp-block-themeisle-blocks-advanced-heading-685ffe2f\" class=\"wp-block-themeisle-blocks-advanced-heading wp-block-themeisle-blocks-advanced-heading-685ffe2f\">in high season<\/p>\n\n\n\n<h4 id=\"wp-block-themeisle-blocks-advanced-heading-7e0a34ef\" class=\"wp-block-themeisle-blocks-advanced-heading wp-block-themeisle-blocks-advanced-heading-7e0a34ef\">up to  120,- \u20ac<\/h4>\n\n\n\n<div id=\"wp-block-themeisle-blocks-button-group-c722006f\" class=\"wp-block-themeisle-blocks-button-group wp-block-buttons align-center\">\n<div id=\"wp-block-themeisle-blocks-button-81a00647\" class=\"wp-block-themeisle-blocks-button wp-block-button\"><a href=\"https:\/\/kieler-hof.de\/en\/buchungsanfrage\/\" target=\"_self\" rel=\"noopener noreferrer\" class=\"wp-block-button__link\"><span>Book now<\/span><\/a><\/div>\n<\/div>\n<\/div>\n<\/div>\n<\/div><\/div>\n\n\n\n<div id=\"wp-block-themeisle-blocks-advanced-columns-7e6303d5\" class=\"wp-block-themeisle-blocks-advanced-columns has-1-columns has-desktop-equal-layout has-tablet-equal-layout has-mobile-equal-layout has-vertical-flex-start\"><div class=\"wp-block-themeisle-blocks-advanced-columns-overlay\"><\/div><div class=\"innerblocks-wrap\">\n<div id=\"wp-block-themeisle-blocks-advanced-column-86e8e34e\" class=\"wp-block-themeisle-blocks-advanced-column\">\n<div class=\"wp-block-themeisle-blocks-pricing ticss-6b3701db\">\n<p id=\"wp-block-themeisle-blocks-advanced-heading-3d1ace03\" class=\"wp-block-themeisle-blocks-advanced-heading wp-block-themeisle-blocks-advanced-heading-3d1ace03\"><small>Unser <strong>Fr\u00fchst\u00fcckspreis<\/strong> ist 9\u20ac pro Person und 4,50\u20ac f\u00fcr Kinder unter 10 Jahren (Preis gilt nur bei Direktbuchung!!)<\/small><\/p>\n<\/div>\n<\/div>\n<\/div><\/div>\n\n\n\n<p class=\"has-text-align-center\">The prices are per night including VAT. If you stay several nights, you will get an even lower price.<\/p>\n\n\n\n<div id=\"wp-block-themeisle-blocks-button-group-e16c4522\" class=\"wp-block-themeisle-blocks-button-group wp-block-buttons align-center\">\n<div id=\"wp-block-themeisle-blocks-button-3eac76db\" class=\"wp-block-themeisle-blocks-button wp-block-button is-style-fill ticss-bdb5dc3b\"><a href=\"\/en\/angebote\/\" target=\"_self\" rel=\"noopener noreferrer\" class=\"wp-block-button__link\"><span>Here you can find our offers<\/span><\/a><\/div>\n<\/div>\n\n\n\n<p><\/p>\n\n\n\n<div style=\"height:40px\" aria-hidden=\"true\" class=\"wp-block-spacer\"><\/div>\n\n\n\n<p><\/p>\n\n\n\n<h2 class=\"wp-block-heading\">Furnishing<\/h2>\n\n\n\n<div id=\"wp-block-themeisle-blocks-advanced-columns-6be70ab3\" class=\"wp-block-themeisle-blocks-advanced-columns has-2-columns has-desktop-oneTwo-layout has-tablet-oneTwo-layout has-mobile-collapsedRows-layout has-vertical-unset\"><div class=\"wp-block-themeisle-blocks-advanced-columns-overlay\"><\/div><div class=\"innerblocks-wrap\">\n<div id=\"wp-block-themeisle-blocks-advanced-column-d86211d6\" class=\"wp-block-themeisle-blocks-advanced-column\">\n<p><strong>Hotel<\/strong><\/p>\n\n\n\n<ul class=\"wp-block-list\"><li>Video surveillance \/ entrance area<\/li><li>Breakfast and meeting room<\/li><li>daily newspaper<\/li><\/ul>\n<\/div>\n\n\n\n<div id=\"wp-block-themeisle-blocks-advanced-column-14451074\" class=\"wp-block-themeisle-blocks-advanced-column\">\n<p><strong>Room Furnishings&nbsp;<\/strong><\/p>\n\n\n\n<p>Mini-fridges, sinks, heaters, wardrobes, flat-screen TVs, towels, and linens are provided in the room.<br>A hair dryer is available at any time at the hotel reception.<br>Please ask our staff about it and we will be happy to provide you with the hairdryer for your stay.<\/p>\n<\/div>\n<\/div><\/div>\n\n\n\n<h2 class=\"wp-block-heading\">Service<\/h2>\n\n\n\n<div id=\"wp-block-themeisle-blocks-advanced-columns-ce688681\" class=\"wp-block-themeisle-blocks-advanced-columns has-2-columns has-desktop-equal-layout has-tablet-equal-layout has-mobile-collapsedRows-layout has-vertical-flex-start\"><div class=\"wp-block-themeisle-blocks-advanced-columns-overlay\"><\/div><div class=\"innerblocks-wrap\">\n<div id=\"wp-block-themeisle-blocks-advanced-column-50dceaf5\" class=\"wp-block-themeisle-blocks-advanced-column\">\n<p><strong>Internet: &nbsp;<\/strong>Free! WiFi is available in the hotel rooms and is free of charge.<\/p>\n\n\n\n<p><strong>Reception<\/strong>: - 24-hour front desk - multilingual staff<\/p>\n\n\n\n<p><strong>Parking: &nbsp;&nbsp;<\/strong>Public parking spaces are available nearby for a fee (reservation is not required). Please contact our staff for more information.<\/p>\n\n\n\n<p><strong>Allergy sufferers: &nbsp;<\/strong> Use our inquiry form or send us an email if you would like special advice or special service, we will be happy to accommodate your wishes as far as possible.<\/p>\n<\/div>\n\n\n\n<div id=\"wp-block-themeisle-blocks-advanced-column-04b5198c\" class=\"wp-block-themeisle-blocks-advanced-column\">\n<p><strong>Services<\/strong>:<\/p>\n\n\n\n<ul class=\"wp-block-list\"><li>Luggage storage<\/li><li>Laundry<\/li><li>Fax\/photocopying<\/li><li>ATM\/cash machine on site<\/li><li>Taxi call<\/li><li>Wake up service<\/li><li>Help with tour planning<\/li><li>Gift vouchers (available at reception or can be ordered by telephone or written request)<\/li><\/ul>\n<\/div>\n<\/div><\/div>\n\n\n\n<h2 class=\"wp-block-heading\">Important information<\/h2>\n\n\n\n<div id=\"wp-block-themeisle-blocks-advanced-columns-b06b3714\" class=\"wp-block-themeisle-blocks-advanced-columns has-2-columns has-desktop-equal-layout has-tablet-equal-layout has-mobile-collapsedRows-layout has-vertical-flex-start\"><div class=\"wp-block-themeisle-blocks-advanced-columns-overlay\"><\/div><div class=\"innerblocks-wrap\">\n<div id=\"wp-block-themeisle-blocks-advanced-column-341708fd\" class=\"wp-block-themeisle-blocks-advanced-column\">\n<div class=\"wp-block-themeisle-blocks-pricing ticss-d858beea\">\n<h3 id=\"wp-block-themeisle-blocks-advanced-heading-3bc27822\" class=\"wp-block-themeisle-blocks-advanced-heading wp-block-themeisle-blocks-advanced-heading-3bc27822\">Check-In<\/h3>\n\n\n\n<div class=\"wp-block-image\"><figure class=\"aligncenter size-full is-resized\"><img loading=\"lazy\" decoding=\"async\" src=\"https:\/\/kieler-hof.de\/wp-content\/uploads\/check-in@512px.png\" alt=\"\" class=\"wp-image-11877\" width=\"128\" height=\"128\" srcset=\"https:\/\/kieler-hof.de\/wp-content\/uploads\/check-in@512px.png 512w, https:\/\/kieler-hof.de\/wp-content\/uploads\/check-in@512px-250x250.png 250w, https:\/\/kieler-hof.de\/wp-content\/uploads\/check-in@512px-12x12.png 12w\" sizes=\"auto, (max-width: 128px) 100vw, 128px\" \/><\/figure><\/div>\n\n\n\n<h4 id=\"wp-block-themeisle-blocks-advanced-heading-32714cd2\" class=\"wp-block-themeisle-blocks-advanced-heading wp-block-themeisle-blocks-advanced-heading-32714cd2\">from 1:00 p.m.<\/h4>\n\n\n\n<p id=\"wp-block-themeisle-blocks-advanced-heading-9e90b74e\" class=\"wp-block-themeisle-blocks-advanced-heading wp-block-themeisle-blocks-advanced-heading-9e90b74e translation-block\"><strong> Early check-in: <\/strong> <br> The rooms are generally available from 1 p.m., if necessary earlier (information on site). <br> You are welcome to leave your <b>luggage<\/b> with us in the morning.<\/p>\n\n\n\n<p><\/p>\n<\/div>\n<\/div>\n\n\n\n<div id=\"wp-block-themeisle-blocks-advanced-column-ca07a12e\" class=\"wp-block-themeisle-blocks-advanced-column\">\n<div class=\"wp-block-themeisle-blocks-pricing ticss-d858beea\">\n<h3 id=\"wp-block-themeisle-blocks-advanced-heading-46a8d533\" class=\"wp-block-themeisle-blocks-advanced-heading wp-block-themeisle-blocks-advanced-heading-46a8d533\">Check-Out<\/h3>\n\n\n\n<div class=\"wp-block-image\"><figure class=\"aligncenter size-full is-resized\"><img loading=\"lazy\" decoding=\"async\" src=\"https:\/\/kieler-hof.de\/wp-content\/uploads\/check-out@512px.png\" alt=\"\" class=\"wp-image-11878\" width=\"128\" height=\"128\" srcset=\"https:\/\/kieler-hof.de\/wp-content\/uploads\/check-out@512px.png 512w, https:\/\/kieler-hof.de\/wp-content\/uploads\/check-out@512px-250x250.png 250w, https:\/\/kieler-hof.de\/wp-content\/uploads\/check-out@512px-12x12.png 12w\" sizes=\"auto, (max-width: 128px) 100vw, 128px\" \/><\/figure><\/div>\n\n\n\n<h4 id=\"wp-block-themeisle-blocks-advanced-heading-dc2ea57f\" class=\"wp-block-themeisle-blocks-advanced-heading wp-block-themeisle-blocks-advanced-heading-dc2ea57f translation-block\">Mon-Fri 11:00 a.m.<br> Sat, Sun until 12:00 noon<\/h4>\n\n\n\n<p id=\"wp-block-themeisle-blocks-advanced-heading-ade6d9f4\" class=\"wp-block-themeisle-blocks-advanced-heading wp-block-themeisle-blocks-advanced-heading-ade6d9f4 translation-block\"><strong> Late check-out: <\/strong> <br> until 2 p.m. (additional cost)<\/p>\n\n\n\n<p><\/p>\n<\/div>\n<\/div>\n<\/div><\/div>\n\n\n\n<p><strong>Children and extra bed<\/strong><\/p>\n\n\n\n<p>All children under 5 years stay free of charge when using existing beds. Please  ask for the possibility of extra beds (additional costs!)<\/p>\n\n\n\n<p><strong>Pets<\/strong> are only allowed on request. In principle, the animals are free of charge with us, but additional costs may arise if additional effort is required for cleaning measures or property damage.<br>Please inform the staff if you are bringing animals with you in advance, preferably when booking!<\/p>\n\n\n\n<p><strong>Cancellation:<\/strong><\/p>\n\n\n\n<p>If cancelled up to 24 hours before date of arrival, no fee will be charged. If cancelled later 90 percent of the first night will be charged. In case of now-show, 80 percent of all nights will be charged. For groups over 10 people we have different cancellation rules.<\/p>\n\n\n\n<p><strong>Means of payment<\/strong><\/p>\n\n\n\n<p>Cards accepted<\/p>\n\n\n\n<p>American Express, Visa, Euro\/Mastercard, Diners Club<br>Electronic Cash \u2013 Karten (German Cards only)<\/p>\n\n\n\n<p><strong>Groups:<\/strong><\/p>\n\n\n\n<p>When booking more than 3 rooms, special provisions and cancellation conditions may come into force. Please contact our staff for more information. Use our inquiry form and telephone advice. We would be happy to make you an individual offer for your trip.<\/p>","protected":false},"excerpt":{"rendered":"<p>Unsere Preise pro \u00dcbernachtung Die Preise verstehen sich pro \u00dcbernachtung inklusive der gesetzlichen Mehrwertsteuer. Bei mehreren N\u00e4chten erhalten Sie einen noch g\u00fcnstigeren Preis. Ausstattung Service Wichtige Informationen Kinder und Extra Betten: Alle Kinder unter 5 Jahren kostenlos im Bett von den Eltern. Bitte fragen Sie nach der M\u00f6glichkeit von Extrabetten (zus\u00e4tzliche Kosten!) Tiere sind nur&hellip;&nbsp;<a href=\"https:\/\/kieler-hof.de\/en\/preise\/\" rel=\"bookmark\">Read More &raquo;<span class=\"screen-reader-text\">Prices<\/span><\/a><\/p>","protected":false},"author":1,"featured_media":0,"parent":0,"menu_order":40,"comment_status":"closed","ping_status":"closed","template":"","meta":{"advgb_blocks_editor_width":"","advgb_blocks_columns_visual_guide":"","neve_meta_sidebar":"full-width","neve_meta_container":"","neve_meta_enable_content_width":"on","neve_meta_content_width":100,"neve_meta_title_alignment":"","neve_meta_author_avatar":"","neve_post_elements_order":"","neve_meta_disable_header":"","neve_meta_disable_footer":"","neve_meta_disable_title":"","_themeisle_gutenberg_block_has_review":false,"footnotes":""},"class_list":["post-11078","page","type-page","status-publish","hentry"],"coauthors":[],"author_meta":{"author_link":"https:\/\/kieler-hof.de\/en\/author\/webart24-alex\/","display_name":"Webart24 Alex"},"relative_dates":{"created":"Posted 6 years ago","modified":"Updated 3 years ago"},"absolute_dates":{"created":"Posted on 1. October 2020","modified":"Updated on 9. November 2022"},"absolute_dates_time":{"created":"Posted on 1. October 2020 17:52","modified":"Updated on 9. November 2022 19:56"},"featured_img_caption":"","featured_img":false,"series_order":"","_links":{"self":[{"href":"https:\/\/kieler-hof.de\/en\/wp-json\/wp\/v2\/pages\/11078","targetHints":{"allow":["GET"]}}],"collection":[{"href":"https:\/\/kieler-hof.de\/en\/wp-json\/wp\/v2\/pages"}],"about":[{"href":"https:\/\/kieler-hof.de\/en\/wp-json\/wp\/v2\/types\/page"}],"author":[{"embeddable":true,"href":"https:\/\/kieler-hof.de\/en\/wp-json\/wp\/v2\/users\/1"}],"replies":[{"embeddable":true,"href":"https:\/\/kieler-hof.de\/en\/wp-json\/wp\/v2\/comments?post=11078"}],"version-history":[{"count":53,"href":"https:\/\/kieler-hof.de\/en\/wp-json\/wp\/v2\/pages\/11078\/revisions"}],"predecessor-version":[{"id":12098,"href":"https:\/\/kieler-hof.de\/en\/wp-json\/wp\/v2\/pages\/11078\/revisions\/12098"}],"wp:attachment":[{"href":"https:\/\/kieler-hof.de\/en\/wp-json\/wp\/v2\/media?parent=11078"}],"curies":[{"name":"wp","href":"https:\/\/api.w.org\/{rel}","templated":true}]}}